{"id":3,"date":"2024-02-20T14:10:54","date_gmt":"2024-02-20T14:10:54","guid":{"rendered":"https:\/\/iniapa.com\/wordpress\/?page_id=3"},"modified":"2024-03-06T11:44:08","modified_gmt":"2024-03-06T11:44:08","slug":"privacy-policy","status":"publish","type":"page","link":"https:\/\/iniapa.com\/wordpress\/privacy-policy\/","title":{"rendered":"Privacy Policy"},"content":{"rendered":"\r\n<h3 class=\"wp-block-heading\">PRIVACY POLICY SITO WEB<\/h3>\r\n<p>Ai sensi degli artt. 13 e 14 Regolamento UE 679\/2016.<\/p>\r\n<h3>NORMATIVA DI RIFERIMENTO<\/h3>\r\n<p>Ai sensi dell\u2019articolo 13 e dell\u2019articolo 14 del Regolamento UE 679\/2016 in materia di dati personali si informa che il trattamento dei dati personali forniti in sede di compilazione dei form \u201cRichiesta di informazioni\u201d verr\u00e0 effettuato nel rispetto del Regolamento UE 2016\/679, nonch\u00e9 delle Direttive UE numeri 58\/2002 e 136\/2009.<\/p>\r\n<h3>TITOLARE DEL TRATTAMENTO<\/h3>\r\n<p>Il titolare del trattamento dei dati personali \u00e8 \u201cI.N.I.A.P.A. Veneto S. Consortile A R.L.\u201d con sede in Via delle Industrie 19\/C\/11 \u2013 30175 Venezia Tel. 0415317402 Mail info@iniapa.com<\/p>\r\n<h3>LUOGO DEL TRATTAMENTO<\/h3>\r\n<p>I trattamenti connessi ai dati personali raccolti mediante la compilazione dei form \u201cRichiesta di informazioni\u201d hanno luogo prevalentemente presso il Titolare del trattamento e conservati per un tempo prestabilito all\u2019interno dei server del fornitore del servizio. I dati personali raccolti non verranno diffusi e\/o comunicati a terzi e non verranno trasferiti in Paesi extra UE.<\/p>\r\n<h3>RESPONSABILE DEL TRATTAMENTO<\/h3>\r\n<p>E\u2019 stato nominato quale Responsabile esterno del trattamento dei dati personali inerenti ai dati pi\u00f9 avanti descritti, \u201cReady Net S.r.l.\u201d con sede in Vicolo Ognissanti, 6, 37123 Verona (VR), quale fornitore dei servizi e sviluppo della piattaforma web. L\u2019elenco completo dei Responsabili esterni designati dal Titolare del trattamento, \u00e8 reperibile presso il Titolare stesso.<\/p>\r\n<h3>TIPI DI DATI<\/h3>\r\n<p>La presente informativa riguarda i dati personali inviati dall\u2019utente visitatore (tecnicamente l\u2019interessato) al momento della compilazione dei \u201cform\u201d presenti sul sito web. Inoltre i sistemi informatici e le procedure software preposte al funzionamento di questo sito acquisiscono, nel corso del loro normale esercizio, alcuni dati personali la cui trasmissione \u00e8 implicita nell\u2019uso dei protocolli di comunicazione di Internet.<\/p>\r\n<h3>MODALITA\u2019 DEL TRATTAMENTO<\/h3>\r\n<p>La informiamo inoltre che, cos\u00ec come previsto dall\u2019art. 5 del GDPR 679\/2016, i dati personali a Lei riferibili saranno trattati in modo lecito, corretto e trasparente; raccolti per finalit\u00e0 determinate esplicite e legittime e successivamente trattati in modo coerente con tali finalit\u00e0; adeguati, pertinenti e limitati a quanto necessario rispetto alle finalit\u00e0 per cui sono trattati; esatti e, se necessario, aggiornati; conservati in una forma che consenta l\u2019identificazione degli interessati; trattati in maniera da garantire un\u2019adeguata sicurezza dei dati personali, compresa la protezione, mediante misure tecniche e organizzative adeguate, da trattamenti non autorizzati o illeciti e dalla perdita, dalla distruzione o dal danno accidentali.<\/p>\r\n<h3>FINALITA\u2019 DEL TRATTAMENTO<\/h3>\r\n<p>Il form di contatto sul presente sito web ha il solo scopo di consentire ai visitatori del sito di contattare, qualora lo desiderino, l\u2019Azienda titolare del trattamento, inviandogli tramite il suddetto form una e-mail. La finalit\u00e0 della raccolta e del trattamento dei dati personali \u00e8 infatti esclusivamente quella di poter eventualmente ricontattare l\u2019utente tramite i riferimenti inviati tramite i form \u201cRichiesta di informazioni\u201d, per evadere eventuali richieste contenute nel messaggio inviato dall\u2019utente.<\/p>\r\n<h3>BASE GIURIDICA<\/h3>\r\n<p>La base legale del trattamento di Dati Personali \u00e8 l\u2019art. 6 par. 1 comm. b del Regolamento in quanto i trattamenti sono necessari all\u2019erogazione dei Servizi o per il riscontro di richieste dell\u2019interessato.<\/p>\r\n<h3>DURATA DELLA CONSERVAZIONE DEI DATI<\/h3>\r\n<p>I dati personali e particolari saranno conservati, anche in formato digitale, per un per un periodo di tempo non superiore al conseguimento delle finalit\u00e0 per cui sono trattati e comunque non superiore a 36 mesi dalla loro raccolta.<\/p>\r\n<h3>DIRITTI DELL\u2019INTERESSATO<\/h3>\r\n<p>Agli interessati sono riconosciuti i diritti di cui agli articoli 15, 16, 17, 18, 20 21 del predetto Regolamento UE e in particolare il diritto di accedere ai propri dati personali, di chiederne la rettifica, l\u2019aggiornamento, la cancellazione, la limitazione al trattamento, se incompleti, erronei o raccolti in violazione della legge, nonch\u00e9 il diritto alla portabilit\u00e0 e di opporsi al loro trattamento per motivi legittimi, rivolgendo le richieste al titolare del trattamento. Agli interessati \u00e8 riconosciuto, inoltre, il diritto di proporre reclamo all\u2019Autorit\u00e0 di controllo.<\/p>\r\n<h3>REVISIONE DELLA PRESENTE INFORMTIVA<\/h3>\r\n<p>La presente Informativa pu\u00f2 subire variazioni. Si consiglia, quindi, di verificarla frequentemente e di riferirsi alla versione pi\u00f9 aggiornata.<\/p>\r\n","protected":false},"excerpt":{"rendered":"<p>PRIVACY POLICY SITO WEB Ai sensi degli artt. 13 e 14 Regolamento UE 679\/2016. NORMATIVA DI RIFERIMENTO Ai sensi dell\u2019articolo 13 e dell\u2019articolo 14 del Regolamento UE 679\/2016 in materia di dati personali si informa che il trattamento dei dati personali forniti in sede di compilazione dei form \u201cRichiesta di informazioni\u201d verr\u00e0 effettuato nel rispetto &hellip; <a href=\"https:\/\/iniapa.com\/wordpress\/privacy-policy\/\">Continued<\/a><\/p>\n","protected":false},"author":1,"featured_media":0,"parent":0,"menu_order":0,"comment_status":"closed","ping_status":"open","template":"","meta":{"_acf_changed":false,"footnotes":""},"class_list":["post-3","page","type-page","status-publish","hentry"],"acf":[],"yoast_head":"<!-- This site is optimized with the Yoast SEO plugin v27.2 - https:\/\/yoast.com\/product\/yoast-seo-wordpress\/ -->\n<title>Privacy Policy - Iniapa Veneto<\/title>\n<meta name=\"robots\" content=\"index, follow, max-snippet:-1, max-image-preview:large, max-video-preview:-1\" \/>\n<link rel=\"canonical\" href=\"https:\/\/iniapa.com\/wordpress\/privacy-policy\/\" \/>\n<meta property=\"og:locale\" content=\"it_IT\" \/>\n<meta property=\"og:type\" content=\"article\" \/>\n<meta property=\"og:title\" content=\"Privacy Policy - Iniapa Veneto\" \/>\n<meta property=\"og:description\" content=\"PRIVACY POLICY SITO WEB Ai sensi degli artt. 13 e 14 Regolamento UE 679\/2016. NORMATIVA DI RIFERIMENTO Ai sensi dell\u2019articolo 13 e dell\u2019articolo 14 del Regolamento UE 679\/2016 in materia di dati personali si informa che il trattamento dei dati personali forniti in sede di compilazione dei form \u201cRichiesta di informazioni\u201d verr\u00e0 effettuato nel rispetto &hellip; Continued\" \/>\n<meta property=\"og:url\" content=\"https:\/\/iniapa.com\/wordpress\/privacy-policy\/\" \/>\n<meta property=\"og:site_name\" content=\"Iniapa Veneto\" \/>\n<meta property=\"article:publisher\" content=\"https:\/\/www.facebook.com\/iniapaveneto\" \/>\n<meta property=\"article:modified_time\" content=\"2024-03-06T11:44:08+00:00\" \/>\n<meta name=\"twitter:card\" content=\"summary_large_image\" \/>\n<meta name=\"twitter:label1\" content=\"Tempo di lettura stimato\" \/>\n\t<meta name=\"twitter:data1\" content=\"4 minuti\" \/>\n<script type=\"application\/ld+json\" class=\"yoast-schema-graph\">{\"@context\":\"https:\/\/schema.org\",\"@graph\":[{\"@type\":\"WebPage\",\"@id\":\"https:\/\/iniapa.com\/wordpress\/privacy-policy\/\",\"url\":\"https:\/\/iniapa.com\/wordpress\/privacy-policy\/\",\"name\":\"Privacy Policy - Iniapa Veneto\",\"isPartOf\":{\"@id\":\"https:\/\/iniapa.com\/wordpress\/#website\"},\"datePublished\":\"2024-02-20T14:10:54+00:00\",\"dateModified\":\"2024-03-06T11:44:08+00:00\",\"breadcrumb\":{\"@id\":\"https:\/\/iniapa.com\/wordpress\/privacy-policy\/#breadcrumb\"},\"inLanguage\":\"it-IT\",\"potentialAction\":[{\"@type\":\"ReadAction\",\"target\":[\"https:\/\/iniapa.com\/wordpress\/privacy-policy\/\"]}]},{\"@type\":\"BreadcrumbList\",\"@id\":\"https:\/\/iniapa.com\/wordpress\/privacy-policy\/#breadcrumb\",\"itemListElement\":[{\"@type\":\"ListItem\",\"position\":1,\"name\":\"Home\",\"item\":\"https:\/\/iniapa.com\/wordpress\/\"},{\"@type\":\"ListItem\",\"position\":2,\"name\":\"Privacy Policy\"}]},{\"@type\":\"WebSite\",\"@id\":\"https:\/\/iniapa.com\/wordpress\/#website\",\"url\":\"https:\/\/iniapa.com\/wordpress\/\",\"name\":\"Iniapa Veneto\",\"description\":\"\",\"publisher\":{\"@id\":\"https:\/\/iniapa.com\/wordpress\/#organization\"},\"potentialAction\":[{\"@type\":\"SearchAction\",\"target\":{\"@type\":\"EntryPoint\",\"urlTemplate\":\"https:\/\/iniapa.com\/wordpress\/?s={search_term_string}\"},\"query-input\":{\"@type\":\"PropertyValueSpecification\",\"valueRequired\":true,\"valueName\":\"search_term_string\"}}],\"inLanguage\":\"it-IT\"},{\"@type\":\"Organization\",\"@id\":\"https:\/\/iniapa.com\/wordpress\/#organization\",\"name\":\"Iniapa Veneto\",\"url\":\"https:\/\/iniapa.com\/wordpress\/\",\"logo\":{\"@type\":\"ImageObject\",\"inLanguage\":\"it-IT\",\"@id\":\"https:\/\/iniapa.com\/wordpress\/#\/schema\/logo\/image\/\",\"url\":\"https:\/\/iniapa.com\/wordpress\/wp-content\/uploads\/2024\/02\/logo.png\",\"contentUrl\":\"https:\/\/iniapa.com\/wordpress\/wp-content\/uploads\/2024\/02\/logo.png\",\"width\":233,\"height\":164,\"caption\":\"Iniapa Veneto\"},\"image\":{\"@id\":\"https:\/\/iniapa.com\/wordpress\/#\/schema\/logo\/image\/\"},\"sameAs\":[\"https:\/\/www.facebook.com\/iniapaveneto\",\"https:\/\/www.linkedin.com\/company\/iniapa-veneto\"]}]}<\/script>\n<!-- \/ Yoast SEO plugin. -->","yoast_head_json":{"title":"Privacy Policy - Iniapa Veneto","robots":{"index":"index","follow":"follow","max-snippet":"max-snippet:-1","max-image-preview":"max-image-preview:large","max-video-preview":"max-video-preview:-1"},"canonical":"https:\/\/iniapa.com\/wordpress\/privacy-policy\/","og_locale":"it_IT","og_type":"article","og_title":"Privacy Policy - Iniapa Veneto","og_description":"PRIVACY POLICY SITO WEB Ai sensi degli artt. 13 e 14 Regolamento UE 679\/2016. NORMATIVA DI RIFERIMENTO Ai sensi dell\u2019articolo 13 e dell\u2019articolo 14 del Regolamento UE 679\/2016 in materia di dati personali si informa che il trattamento dei dati personali forniti in sede di compilazione dei form \u201cRichiesta di informazioni\u201d verr\u00e0 effettuato nel rispetto &hellip; Continued","og_url":"https:\/\/iniapa.com\/wordpress\/privacy-policy\/","og_site_name":"Iniapa Veneto","article_publisher":"https:\/\/www.facebook.com\/iniapaveneto","article_modified_time":"2024-03-06T11:44:08+00:00","twitter_card":"summary_large_image","twitter_misc":{"Tempo di lettura stimato":"4 minuti"},"schema":{"@context":"https:\/\/schema.org","@graph":[{"@type":"WebPage","@id":"https:\/\/iniapa.com\/wordpress\/privacy-policy\/","url":"https:\/\/iniapa.com\/wordpress\/privacy-policy\/","name":"Privacy Policy - Iniapa Veneto","isPartOf":{"@id":"https:\/\/iniapa.com\/wordpress\/#website"},"datePublished":"2024-02-20T14:10:54+00:00","dateModified":"2024-03-06T11:44:08+00:00","breadcrumb":{"@id":"https:\/\/iniapa.com\/wordpress\/privacy-policy\/#breadcrumb"},"inLanguage":"it-IT","potentialAction":[{"@type":"ReadAction","target":["https:\/\/iniapa.com\/wordpress\/privacy-policy\/"]}]},{"@type":"BreadcrumbList","@id":"https:\/\/iniapa.com\/wordpress\/privacy-policy\/#breadcrumb","itemListElement":[{"@type":"ListItem","position":1,"name":"Home","item":"https:\/\/iniapa.com\/wordpress\/"},{"@type":"ListItem","position":2,"name":"Privacy Policy"}]},{"@type":"WebSite","@id":"https:\/\/iniapa.com\/wordpress\/#website","url":"https:\/\/iniapa.com\/wordpress\/","name":"Iniapa Veneto","description":"","publisher":{"@id":"https:\/\/iniapa.com\/wordpress\/#organization"},"potentialAction":[{"@type":"SearchAction","target":{"@type":"EntryPoint","urlTemplate":"https:\/\/iniapa.com\/wordpress\/?s={search_term_string}"},"query-input":{"@type":"PropertyValueSpecification","valueRequired":true,"valueName":"search_term_string"}}],"inLanguage":"it-IT"},{"@type":"Organization","@id":"https:\/\/iniapa.com\/wordpress\/#organization","name":"Iniapa Veneto","url":"https:\/\/iniapa.com\/wordpress\/","logo":{"@type":"ImageObject","inLanguage":"it-IT","@id":"https:\/\/iniapa.com\/wordpress\/#\/schema\/logo\/image\/","url":"https:\/\/iniapa.com\/wordpress\/wp-content\/uploads\/2024\/02\/logo.png","contentUrl":"https:\/\/iniapa.com\/wordpress\/wp-content\/uploads\/2024\/02\/logo.png","width":233,"height":164,"caption":"Iniapa Veneto"},"image":{"@id":"https:\/\/iniapa.com\/wordpress\/#\/schema\/logo\/image\/"},"sameAs":["https:\/\/www.facebook.com\/iniapaveneto","https:\/\/www.linkedin.com\/company\/iniapa-veneto"]}]}},"_links":{"self":[{"href":"https:\/\/iniapa.com\/wordpress\/wp-json\/wp\/v2\/pages\/3","targetHints":{"allow":["GET"]}}],"collection":[{"href":"https:\/\/iniapa.com\/wordpress\/wp-json\/wp\/v2\/pages"}],"about":[{"href":"https:\/\/iniapa.com\/wordpress\/wp-json\/wp\/v2\/types\/page"}],"author":[{"embeddable":true,"href":"https:\/\/iniapa.com\/wordpress\/wp-json\/wp\/v2\/users\/1"}],"replies":[{"embeddable":true,"href":"https:\/\/iniapa.com\/wordpress\/wp-json\/wp\/v2\/comments?post=3"}],"version-history":[{"count":2,"href":"https:\/\/iniapa.com\/wordpress\/wp-json\/wp\/v2\/pages\/3\/revisions"}],"predecessor-version":[{"id":313,"href":"https:\/\/iniapa.com\/wordpress\/wp-json\/wp\/v2\/pages\/3\/revisions\/313"}],"wp:attachment":[{"href":"https:\/\/iniapa.com\/wordpress\/wp-json\/wp\/v2\/media?parent=3"}],"curies":[{"name":"wp","href":"https:\/\/api.w.org\/{rel}","templated":true}]}}